{"id":224,"date":"2022-01-17T15:50:48","date_gmt":"2022-01-17T18:50:48","guid":{"rendered":"https:\/\/licenciatario.com.ar\/site\/?post_type=product&#038;p=224"},"modified":"2024-05-02T12:11:28","modified_gmt":"2024-05-02T15:11:28","slug":"split-surrey-pria-eco-de-4500-frigorias-frio-calor-on-off","status":"publish","type":"product","link":"https:\/\/licenciatario.com.ar\/site\/producto\/split-surrey-pria-eco-de-4500-frigorias-frio-calor-on-off\/","title":{"rendered":"split Surrey Pria Eco de 4500 frigorias frio calor on off"},"content":{"rendered":"<p><strong>Nueva l\u00ednea split de pared de velocidad fija. 4 capacidades frio calor. Funci\u00f3n My Mode: El equipo puede memorizar la configuraci\u00f3n preferida por el usuario. Follow Me: permite mayor confort, sensando la temperatura desde el\u00a0<\/strong> <strong>control remoto, el cual est\u00e1 cerca del usuario<\/strong><img loading=\"lazy\" decoding=\"async\" class=\"alignnone size-medium wp-image-411\" src=\"https:\/\/licenciatario.com.ar\/site\/wp-content\/uploads\/2022\/11\/priaevolution-300x300.jpg\" alt=\"\" width=\"300\" height=\"300\" srcset=\"https:\/\/licenciatario.com.ar\/site\/wp-content\/uploads\/2022\/11\/priaevolution-300x300.jpg 300w, https:\/\/licenciatario.com.ar\/site\/wp-content\/uploads\/2022\/11\/priaevolution-1024x1024.jpg 1024w, https:\/\/licenciatario.com.ar\/site\/wp-content\/uploads\/2022\/11\/priaevolution-150x150.jpg 150w, https:\/\/licenciatario.com.ar\/site\/wp-content\/uploads\/2022\/11\/priaevolution-768x768.jpg 768w, https:\/\/licenciatario.com.ar\/site\/wp-content\/uploads\/2022\/11\/priaevolution-600x600.jpg 600w, https:\/\/licenciatario.com.ar\/site\/wp-content\/uploads\/2022\/11\/priaevolution-100x100.jpg 100w, https:\/\/licenciatario.com.ar\/site\/wp-content\/uploads\/2022\/11\/priaevolution.jpg 1080w\" sizes=\"auto, (max-width: 300px) 100vw, 300px\" \/><\/p>\n","protected":false},"excerpt":{"rendered":"<ul class=\"ui-vpp-highlighted-specs__features-list\">\n<li class=\"ui-vpp-highlighted-specs__features-list-item ui-pdp-color--BLACK ui-pdp-size--XSMALL ui-pdp-family--REGULAR\">Capacidad de refrigeraci\u00f3n de 5 kW.<\/li>\n<li class=\"ui-vpp-highlighted-specs__features-list-item ui-pdp-color--BLACK ui-pdp-size--XSMALL ui-pdp-family--REGULAR\">Capacidad de calefacci\u00f3n de 4.84 kW.<\/li>\n<li class=\"ui-vpp-highlighted-specs__features-list-item ui-pdp-color--BLACK ui-pdp-size--XSMALL ui-pdp-family--REGULAR\">Frigor\u00edas: 4300.<\/li>\n<li class=\"ui-vpp-highlighted-specs__features-list-item ui-pdp-color--BLACK ui-pdp-size--XSMALL ui-pdp-family--REGULAR\">Potencia de refrigeraci\u00f3n de 1500W y de calefacci\u00f3n de 1510W.<\/li>\n<li class=\"ui-vpp-highlighted-specs__features-list-item ui-pdp-color--BLACK ui-pdp-size--XSMALL ui-pdp-family--REGULAR\">Eficiencia energ\u00e9tica: A.<\/li>\n<li class=\"ui-vpp-highlighted-specs__features-list-item ui-pdp-color--BLACK ui-pdp-size--XSMALL ui-pdp-family--REGULAR\">Con funci\u00f3n deshumidificaci\u00f3n.<\/li>\n<li class=\"ui-vpp-highlighted-specs__features-list-item ui-pdp-color--BLACK ui-pdp-size--XSMALL ui-pdp-family--REGULAR\">Tiene temporizador.<\/li>\n<li class=\"ui-vpp-highlighted-specs__features-list-item ui-pdp-color--BLACK ui-pdp-size--XSMALL ui-pdp-family--REGULAR\">Cuenta con funci\u00f3n de dormir.<\/li>\n<li class=\"ui-vpp-highlighted-specs__features-list-item ui-pdp-color--BLACK ui-pdp-size--XSMALL ui-pdp-family--REGULAR\">Incluye control remoto<\/li>\n<\/ul>\n","protected":false},"featured_media":411,"comment_status":"open","ping_status":"closed","template":"","meta":{"neve_meta_sidebar":"","neve_meta_container":"","neve_meta_enable_content_width":"","neve_meta_content_width":0,"neve_meta_title_alignment":"","neve_meta_author_avatar":"","neve_post_elements_order":"","neve_meta_disable_header":"","neve_meta_disable_footer":"","neve_meta_disable_title":""},"product_cat":[19],"product_tag":[],"class_list":["post-224","product","type-product","status-publish","has-post-thumbnail","hentry","product_cat-linea-residencial"],"_links":{"self":[{"href":"https:\/\/licenciatario.com.ar\/site\/wp-json\/wp\/v2\/product\/224","targetHints":{"allow":["GET"]}}],"collection":[{"href":"https:\/\/licenciatario.com.ar\/site\/wp-json\/wp\/v2\/product"}],"about":[{"href":"https:\/\/licenciatario.com.ar\/site\/wp-json\/wp\/v2\/types\/product"}],"replies":[{"embeddable":true,"href":"https:\/\/licenciatario.com.ar\/site\/wp-json\/wp\/v2\/comments?post=224"}],"wp:featuredmedia":[{"embeddable":true,"href":"https:\/\/licenciatario.com.ar\/site\/wp-json\/wp\/v2\/media\/411"}],"wp:attachment":[{"href":"https:\/\/licenciatario.com.ar\/site\/wp-json\/wp\/v2\/media?parent=224"}],"wp:term":[{"taxonomy":"product_cat","embeddable":true,"href":"https:\/\/licenciatario.com.ar\/site\/wp-json\/wp\/v2\/product_cat?post=224"},{"taxonomy":"product_tag","embeddable":true,"href":"https:\/\/licenciatario.com.ar\/site\/wp-json\/wp\/v2\/product_tag?post=224"}],"curies":[{"name":"wp","href":"https:\/\/api.w.org\/{rel}","templated":true}]}}